{"id":1503,"date":"2024-06-27T15:57:20","date_gmt":"2024-06-27T13:57:20","guid":{"rendered":"https:\/\/www.soleomarbella.com\/reservations\/"},"modified":"2025-02-24T10:03:35","modified_gmt":"2025-02-24T09:03:35","slug":"reservierungen","status":"publish","type":"page","link":"https:\/\/www.soleomarbella.com\/de\/reservierungen\/","title":{"rendered":"Reservierungen"},"content":{"rendered":"\t\t<div data-elementor-type=\"wp-page\" data-elementor-id=\"1503\" class=\"elementor elementor-1503 elementor-390\" data-elementor-post-type=\"page\">\n\t\t\t\t<div class=\"elementor-element elementor-element-c6492f4 e-flex e-con-boxed e-con e-parent\" data-id=\"c6492f4\" data-element_type=\"container\" data-settings=\"{&quot;background_background&quot;:&quot;classic&quot;}\">\n\t\t\t\t\t<div class=\"e-con-inner\">\n\t\t\t\t\t<\/div>\n\t\t\t\t<\/div>\n\t\t<div class=\"elementor-element elementor-element-9316e1f e-flex e-con-boxed e-con e-parent\" data-id=\"9316e1f\" data-element_type=\"container\">\n\t\t\t\t\t<div class=\"e-con-inner\">\n\t\t\t\t<div class=\"elementor-element elementor-element-6e18027 elementor-widget elementor-widget-heading\" data-id=\"6e18027\" data-element_type=\"widget\" data-widget_type=\"heading.default\">\n\t\t\t\t<div class=\"elementor-widget-container\">\n\t\t\t\t\t<h2 class=\"elementor-heading-title elementor-size-default\">Reservieren Sie bei uns<\/h2>\t\t\t\t<\/div>\n\t\t\t\t<\/div>\n\t\t\t\t<div class=\"elementor-element elementor-element-9443340 elementor-widget elementor-widget-text-editor\" data-id=\"9443340\" data-element_type=\"widget\" data-widget_type=\"text-editor.default\">\n\t\t\t\t<div class=\"elementor-widget-container\">\n\t\t\t\t\t\t\t\t\t<p>M\u00f6chten Sie im Soleo Marbella im Voraus reservieren? \u00dcberpr\u00fcfen Sie die Verf\u00fcgbarkeit im Kalender, geben Sie die Anzahl der Personen und die Uhrzeit ein und reservieren Sie Ihren Tisch einfach und schnell.<\/p><p>Wir freuen uns auf Ihre baldige Reservierung!<\/p>\t\t\t\t\t\t\t\t<\/div>\n\t\t\t\t<\/div>\n\t\t\t\t\t<\/div>\n\t\t\t\t<\/div>\n\t\t<div class=\"elementor-element elementor-element-e18ca6f e-flex e-con-boxed e-con e-parent\" data-id=\"e18ca6f\" data-element_type=\"container\">\n\t\t\t\t\t<div class=\"e-con-inner\">\n\t\t<div class=\"elementor-element elementor-element-cb30670 e-con-full e-flex e-con e-child\" data-id=\"cb30670\" data-element_type=\"container\">\n\t\t\t\t<div class=\"elementor-element elementor-element-45a2fc8 elementor-widget elementor-widget-html\" data-id=\"45a2fc8\" data-element_type=\"widget\" data-widget_type=\"html.default\">\n\t\t\t\t<div class=\"elementor-widget-container\">\n\t\t\t\t\t<script type=\"text\/javascript\" src=\"https:\/\/www.covermanager.com\/js\/iframeResizer.min.js\"><\/script>\n<iframe id=\"restaurante-soleomarbella\" title=\"Reservas\" src=\"https:\/\/www.covermanager.com\/reservation\/module_restaurant\/restaurante-soleomarbella\/german\" frameborder=\"0\" height=\"550\" width=\"100%\" onload=\"iFrameResize();\"><\/iframe>\t\t\t\t<\/div>\n\t\t\t\t<\/div>\n\t\t\t\t<\/div>\n\t\t<div class=\"elementor-element elementor-element-477fdcd e-con-full e-flex e-con e-child\" data-id=\"477fdcd\" data-element_type=\"container\" data-settings=\"{&quot;background_background&quot;:&quot;classic&quot;}\">\n\t\t\t\t<\/div>\n\t\t\t\t\t<\/div>\n\t\t\t\t<\/div>\n\t\t<div class=\"elementor-element elementor-element-00d23d8 e-flex e-con-boxed e-con e-parent\" data-id=\"00d23d8\" data-element_type=\"container\" data-settings=\"{&quot;background_background&quot;:&quot;classic&quot;}\">\n\t\t\t\t\t<div class=\"e-con-inner\">\n\t\t<div class=\"elementor-element elementor-element-2591176 e-con-full e-flex e-con e-child\" data-id=\"2591176\" data-element_type=\"container\">\n\t\t\t\t<div class=\"elementor-element elementor-element-c2ced34 elementor-widget elementor-widget-image\" data-id=\"c2ced34\" data-element_type=\"widget\" data-widget_type=\"image.default\">\n\t\t\t\t<div class=\"elementor-widget-container\">\n\t\t\t\t\t\t\t\t\t\t\t\t\t\t\t<img fetchpriority=\"high\" decoding=\"async\" width=\"1789\" height=\"1789\" src=\"https:\/\/www.soleomarbella.com\/wp-content\/uploads\/2024\/07\/mapa-ubicacion-reservas-soleo-marbella.jpg\" class=\"attachment-full size-full wp-image-579\" alt=\"\" srcset=\"https:\/\/www.soleomarbella.com\/wp-content\/uploads\/2024\/07\/mapa-ubicacion-reservas-soleo-marbella.jpg 1789w, https:\/\/www.soleomarbella.com\/wp-content\/uploads\/2024\/07\/mapa-ubicacion-reservas-soleo-marbella-300x300.jpg 300w, https:\/\/www.soleomarbella.com\/wp-content\/uploads\/2024\/07\/mapa-ubicacion-reservas-soleo-marbella-1024x1024.jpg 1024w, https:\/\/www.soleomarbella.com\/wp-content\/uploads\/2024\/07\/mapa-ubicacion-reservas-soleo-marbella-150x150.jpg 150w, https:\/\/www.soleomarbella.com\/wp-content\/uploads\/2024\/07\/mapa-ubicacion-reservas-soleo-marbella-768x768.jpg 768w, https:\/\/www.soleomarbella.com\/wp-content\/uploads\/2024\/07\/mapa-ubicacion-reservas-soleo-marbella-1536x1536.jpg 1536w\" sizes=\"(max-width: 1789px) 100vw, 1789px\" \/>\t\t\t\t\t\t\t\t\t\t\t\t\t\t\t<\/div>\n\t\t\t\t<\/div>\n\t\t\t\t<div class=\"elementor-element elementor-element-7b10d7a elementor-mobile-align-center elementor-align-center elementor-widget elementor-widget-button\" data-id=\"7b10d7a\" data-element_type=\"widget\" data-widget_type=\"button.default\">\n\t\t\t\t<div class=\"elementor-widget-container\">\n\t\t\t\t\t\t\t\t\t<div class=\"elementor-button-wrapper\">\n\t\t\t\t\t<a class=\"elementor-button elementor-button-link elementor-size-sm elementor-animation-grow\" href=\"https:\/\/maps.app.goo.gl\/b6t3DcvfygTpxzhe9\" target=\"_blank\">\n\t\t\t\t\t\t<span class=\"elementor-button-content-wrapper\">\n\t\t\t\t\t\t\t\t\t<span class=\"elementor-button-text\">Auf Google Maps ansehen<\/span>\n\t\t\t\t\t<\/span>\n\t\t\t\t\t<\/a>\n\t\t\t\t<\/div>\n\t\t\t\t\t\t\t\t<\/div>\n\t\t\t\t<\/div>\n\t\t\t\t<\/div>\n\t\t<div class=\"elementor-element elementor-element-82e72f4 e-con-full e-flex e-con e-child\" data-id=\"82e72f4\" data-element_type=\"container\">\n\t\t\t\t<div class=\"elementor-element elementor-element-475a068 elementor-widget__width-inherit elementor-widget elementor-widget-heading\" data-id=\"475a068\" data-element_type=\"widget\" data-widget_type=\"heading.default\">\n\t\t\t\t<div class=\"elementor-widget-container\">\n\t\t\t\t\t<h2 class=\"elementor-heading-title elementor-size-default\">Soleo Marbella<\/h2>\t\t\t\t<\/div>\n\t\t\t\t<\/div>\n\t\t\t\t<div class=\"elementor-element elementor-element-01b6276 elementor-widget elementor-widget-text-editor\" data-id=\"01b6276\" data-element_type=\"widget\" data-widget_type=\"text-editor.default\">\n\t\t\t\t<div class=\"elementor-widget-container\">\n\t\t\t\t\t\t\t\t\tSollten Sie Fragen oder \u00c4nderungsw\u00fcnsche haben, steht Ihnen unser Team jederzeit zur Verf\u00fcgung.\nWir befinden uns an der Av. Duque de Ahumada, 29602 \u2013 Marbella, direkt am Strand vor dem Hotel Fuerte Marbella.\t\t\t\t\t\t\t\t<\/div>\n\t\t\t\t<\/div>\n\t\t\t\t<div class=\"elementor-element elementor-element-88b3f87 elementor-widget__width-inherit elementor-widget elementor-widget-heading\" data-id=\"88b3f87\" data-element_type=\"widget\" data-widget_type=\"heading.default\">\n\t\t\t\t<div class=\"elementor-widget-container\">\n\t\t\t\t\t<h2 class=\"elementor-heading-title elementor-size-default\">Kostenlose Parkpl\u00e4tze<\/h2>\t\t\t\t<\/div>\n\t\t\t\t<\/div>\n\t\t\t\t<div class=\"elementor-element elementor-element-841f956 elementor-widget elementor-widget-text-editor\" data-id=\"841f956\" data-element_type=\"widget\" data-widget_type=\"text-editor.default\">\n\t\t\t\t<div class=\"elementor-widget-container\">\n\t\t\t\t\t\t\t\t\t<p>*Genie\u00dfen Sie 2 Stunden kostenloses Parken im El Fuerte Marbella (je nach Verf\u00fcgbarkeit), fordern Sie hierzu nach Ihrem Mittag- oder Abendessen im Soleo Marbella im Restaurant ein Ticket an.<\/p><p>Wir freuen uns darauf, Sie im Soleo Marbella zu sehen!<\/p>\t\t\t\t\t\t\t\t<\/div>\n\t\t\t\t<\/div>\n\t\t\t\t<div class=\"elementor-element elementor-element-1f62317 elementor-widget__width-inherit elementor-widget elementor-widget-heading\" data-id=\"1f62317\" data-element_type=\"widget\" data-widget_type=\"heading.default\">\n\t\t\t\t<div class=\"elementor-widget-container\">\n\t\t\t\t\t<h2 class=\"elementor-heading-title elementor-size-default\">Buchungen:<\/h2>\t\t\t\t<\/div>\n\t\t\t\t<\/div>\n\t\t\t\t<div class=\"elementor-element elementor-element-e638364 elementor-mobile-align-center elementor-align-left elementor-widget elementor-widget-button\" data-id=\"e638364\" data-element_type=\"widget\" data-widget_type=\"button.default\">\n\t\t\t\t<div class=\"elementor-widget-container\">\n\t\t\t\t\t\t\t\t\t<div class=\"elementor-button-wrapper\">\n\t\t\t\t\t<a class=\"elementor-button elementor-button-link elementor-size-sm\" href=\"tel:+34951562887\" target=\"_blank\">\n\t\t\t\t\t\t<span class=\"elementor-button-content-wrapper\">\n\t\t\t\t\t\t\t\t\t<span class=\"elementor-button-text\">(+34) 951 56 28 87<\/span>\n\t\t\t\t\t<\/span>\n\t\t\t\t\t<\/a>\n\t\t\t\t<\/div>\n\t\t\t\t\t\t\t\t<\/div>\n\t\t\t\t<\/div>\n\t\t\t\t<div class=\"elementor-element elementor-element-4c230f9 elementor-mobile-align-center elementor-align-left elementor-widget elementor-widget-button\" data-id=\"4c230f9\" data-element_type=\"widget\" data-widget_type=\"button.default\">\n\t\t\t\t<div class=\"elementor-widget-container\">\n\t\t\t\t\t\t\t\t\t<div class=\"elementor-button-wrapper\">\n\t\t\t\t\t<a class=\"elementor-button elementor-button-link elementor-size-sm\" href=\"mailto:bookings@soleomarbella.com\" target=\"_blank\">\n\t\t\t\t\t\t<span class=\"elementor-button-content-wrapper\">\n\t\t\t\t\t\t\t\t\t<span class=\"elementor-button-text\">bookings@soleomarbella.com<\/span>\n\t\t\t\t\t<\/span>\n\t\t\t\t\t<\/a>\n\t\t\t\t<\/div>\n\t\t\t\t\t\t\t\t<\/div>\n\t\t\t\t<\/div>\n\t\t\t\t<\/div>\n\t\t\t\t\t<\/div>\n\t\t\t\t<\/div>\n\t\t\t\t<\/div>\n\t\t","protected":false},"excerpt":{"rendered":"<p>Reservieren Sie bei uns M\u00f6chten Sie im Soleo Marbella im Voraus reservieren? \u00dcberpr\u00fcfen Sie die Verf\u00fcgbarkeit im Kalender, geben Sie [&hellip;]<\/p>\n","protected":false},"author":2,"featured_media":0,"parent":0,"menu_order":0,"comment_status":"closed","ping_status":"closed","template":"","meta":{"site-sidebar-layout":"no-sidebar","site-content-layout":"","ast-site-content-layout":"full-width-container","site-content-style":"default","site-sidebar-style":"default","ast-global-header-display":"","ast-banner-title-visibility":"","ast-main-header-display":"","ast-hfb-above-header-display":"","ast-hfb-below-header-display":"","ast-hfb-mobile-header-display":"","site-post-title":"disabled","ast-breadcrumbs-content":"","ast-featured-img":"disabled","footer-sml-layout":"","theme-transparent-header-meta":"","adv-header-id-meta":"","stick-header-meta":"","header-above-stick-meta":"","header-main-stick-meta":"","header-below-stick-meta":"","astra-migrate-meta-layouts":"default","ast-page-background-enabled":"default","ast-page-background-meta":{"desktop":{"background-color":"var(--ast-global-color-4)","background-image":"","background-repeat":"repeat","background-position":"center center","background-size":"auto","background-attachment":"scroll","background-type":"","background-media":"","overlay-type":"","overlay-color":"","overlay-opacity":"","overlay-gradient":""},"tablet":{"background-color":"","background-image":"","background-repeat":"repeat","background-position":"center center","background-size":"auto","background-attachment":"scroll","background-type":"","background-media":"","overlay-type":"","overlay-color":"","overlay-opacity":"","overlay-gradient":""},"mobile":{"background-color":"","background-image":"","background-repeat":"repeat","background-position":"center center","background-size":"auto","background-attachment":"scroll","background-type":"","background-media":"","overlay-type":"","overlay-color":"","overlay-opacity":"","overlay-gradient":""}},"ast-content-background-meta":{"desktop":{"background-color":"var(--ast-global-color-5)","background-image":"","background-repeat":"repeat","background-position":"center center","background-size":"auto","background-attachment":"scroll","background-type":"","background-media":"","overlay-type":"","overlay-color":"","overlay-opacity":"","overlay-gradient":""},"tablet":{"background-color":"var(--ast-global-color-5)","background-image":"","background-repeat":"repeat","background-position":"center center","background-size":"auto","background-attachment":"scroll","background-type":"","background-media":"","overlay-type":"","overlay-color":"","overlay-opacity":"","overlay-gradient":""},"mobile":{"background-color":"var(--ast-global-color-5)","background-image":"","background-repeat":"repeat","background-position":"center center","background-size":"auto","background-attachment":"scroll","background-type":"","background-media":"","overlay-type":"","overlay-color":"","overlay-opacity":"","overlay-gradient":""}},"footnotes":""},"class_list":["post-1503","page","type-page","status-publish","hentry"],"yoast_head":"<!-- This site is optimized with the Yoast SEO plugin v24.2 - https:\/\/yoast.com\/wordpress\/plugins\/seo\/ -->\n<title>Reservierungen, Strandrestaurant Soleo Marbella<\/title>\n<meta name=\"description\" content=\"Genie\u00dfen Sie mediterrane K\u00fcche mit Meerblick im Soleo Marbella am Strand El Fuerte. Reservieren Sie jetzt!\" \/>\n<meta name=\"robots\" content=\"index, follow, max-snippet:-1, max-image-preview:large, max-video-preview:-1\" \/>\n<link rel=\"canonical\" href=\"https:\/\/www.soleomarbella.com\/de\/reservierungen\/\" \/>\n<meta property=\"og:locale\" content=\"de_DE\" \/>\n<meta property=\"og:type\" content=\"article\" \/>\n<meta property=\"og:title\" content=\"Reservierungen, Strandrestaurant Soleo Marbella\" \/>\n<meta property=\"og:description\" content=\"Genie\u00dfen Sie mediterrane K\u00fcche mit Meerblick im Soleo Marbella am Strand El Fuerte. Reservieren Sie jetzt!\" \/>\n<meta property=\"og:url\" content=\"https:\/\/www.soleomarbella.com\/de\/reservierungen\/\" \/>\n<meta property=\"og:site_name\" content=\"Soleo Marbella\" \/>\n<meta property=\"article:modified_time\" content=\"2025-02-24T09:03:35+00:00\" \/>\n<meta property=\"og:image\" content=\"https:\/\/www.soleomarbella.com\/wp-content\/uploads\/2024\/07\/mapa-ubicacion-reservas-soleo-marbella.jpg\" \/>\n<meta name=\"twitter:card\" content=\"summary_large_image\" \/>\n<!-- \/ Yoast SEO plugin. -->","yoast_head_json":{"title":"Reservierungen, Strandrestaurant Soleo Marbella","description":"Genie\u00dfen Sie mediterrane K\u00fcche mit Meerblick im Soleo Marbella am Strand El Fuerte. Reservieren Sie jetzt!","robots":{"index":"index","follow":"follow","max-snippet":"max-snippet:-1","max-image-preview":"max-image-preview:large","max-video-preview":"max-video-preview:-1"},"canonical":"https:\/\/www.soleomarbella.com\/de\/reservierungen\/","og_locale":"de_DE","og_type":"article","og_title":"Reservierungen, Strandrestaurant Soleo Marbella","og_description":"Genie\u00dfen Sie mediterrane K\u00fcche mit Meerblick im Soleo Marbella am Strand El Fuerte. Reservieren Sie jetzt!","og_url":"https:\/\/www.soleomarbella.com\/de\/reservierungen\/","og_site_name":"Soleo Marbella","article_modified_time":"2025-02-24T09:03:35+00:00","og_image":[{"url":"https:\/\/www.soleomarbella.com\/wp-content\/uploads\/2024\/07\/mapa-ubicacion-reservas-soleo-marbella.jpg","type":"","width":"","height":""}],"twitter_card":"summary_large_image","schema":{"@context":"https:\/\/schema.org","@graph":[{"@type":"WebPage","@id":"https:\/\/www.soleomarbella.com\/de\/reservierungen\/","url":"https:\/\/www.soleomarbella.com\/de\/reservierungen\/","name":"Reservierungen, Strandrestaurant Soleo Marbella","isPartOf":{"@id":"https:\/\/www.soleomarbella.com\/#website"},"primaryImageOfPage":{"@id":"https:\/\/www.soleomarbella.com\/de\/reservierungen\/#primaryimage"},"image":{"@id":"https:\/\/www.soleomarbella.com\/de\/reservierungen\/#primaryimage"},"thumbnailUrl":"https:\/\/www.soleomarbella.com\/wp-content\/uploads\/2024\/07\/mapa-ubicacion-reservas-soleo-marbella.jpg","datePublished":"2024-06-27T13:57:20+00:00","dateModified":"2025-02-24T09:03:35+00:00","description":"Genie\u00dfen Sie mediterrane K\u00fcche mit Meerblick im Soleo Marbella am Strand El Fuerte. Reservieren Sie jetzt!","breadcrumb":{"@id":"https:\/\/www.soleomarbella.com\/de\/reservierungen\/#breadcrumb"},"inLanguage":"de","potentialAction":[{"@type":"ReadAction","target":["https:\/\/www.soleomarbella.com\/de\/reservierungen\/"]}]},{"@type":"ImageObject","inLanguage":"de","@id":"https:\/\/www.soleomarbella.com\/de\/reservierungen\/#primaryimage","url":"https:\/\/www.soleomarbella.com\/wp-content\/uploads\/2024\/07\/mapa-ubicacion-reservas-soleo-marbella.jpg","contentUrl":"https:\/\/www.soleomarbella.com\/wp-content\/uploads\/2024\/07\/mapa-ubicacion-reservas-soleo-marbella.jpg"},{"@type":"BreadcrumbList","@id":"https:\/\/www.soleomarbella.com\/de\/reservierungen\/#breadcrumb","itemListElement":[{"@type":"ListItem","position":1,"name":"Home","item":"https:\/\/www.soleomarbella.com\/"},{"@type":"ListItem","position":2,"name":"Reservierungen"}]},{"@type":"WebSite","@id":"https:\/\/www.soleomarbella.com\/#website","url":"https:\/\/www.soleomarbella.com\/","name":"Soleo Marbella","description":"","publisher":{"@id":"https:\/\/www.soleomarbella.com\/#organization"},"potentialAction":[{"@type":"SearchAction","target":{"@type":"EntryPoint","urlTemplate":"https:\/\/www.soleomarbella.com\/?s={search_term_string}"},"query-input":{"@type":"PropertyValueSpecification","valueRequired":true,"valueName":"search_term_string"}}],"inLanguage":"de"},{"@type":"Organization","@id":"https:\/\/www.soleomarbella.com\/#organization","name":"Soleo Marbella","url":"https:\/\/www.soleomarbella.com\/","logo":{"@type":"ImageObject","inLanguage":"de","@id":"https:\/\/www.soleomarbella.com\/#\/schema\/logo\/image\/","url":"https:\/\/www.soleomarbella.com\/wp-content\/uploads\/2024\/06\/logo-soleo-beach-life-food.svg","contentUrl":"https:\/\/www.soleomarbella.com\/wp-content\/uploads\/2024\/06\/logo-soleo-beach-life-food.svg","width":1,"height":1,"caption":"Soleo Marbella"},"image":{"@id":"https:\/\/www.soleomarbella.com\/#\/schema\/logo\/image\/"}}]}},"_links":{"self":[{"href":"https:\/\/www.soleomarbella.com\/de\/wp-json\/wp\/v2\/pages\/1503","targetHints":{"allow":["GET"]}}],"collection":[{"href":"https:\/\/www.soleomarbella.com\/de\/wp-json\/wp\/v2\/pages"}],"about":[{"href":"https:\/\/www.soleomarbella.com\/de\/wp-json\/wp\/v2\/types\/page"}],"author":[{"embeddable":true,"href":"https:\/\/www.soleomarbella.com\/de\/wp-json\/wp\/v2\/users\/2"}],"replies":[{"embeddable":true,"href":"https:\/\/www.soleomarbella.com\/de\/wp-json\/wp\/v2\/comments?post=1503"}],"version-history":[{"count":17,"href":"https:\/\/www.soleomarbella.com\/de\/wp-json\/wp\/v2\/pages\/1503\/revisions"}],"predecessor-version":[{"id":1620,"href":"https:\/\/www.soleomarbella.com\/de\/wp-json\/wp\/v2\/pages\/1503\/revisions\/1620"}],"wp:attachment":[{"href":"https:\/\/www.soleomarbella.com\/de\/wp-json\/wp\/v2\/media?parent=1503"}],"curies":[{"name":"wp","href":"https:\/\/api.w.org\/{rel}","templated":true}]}}